{"id":51891,"date":"2023-05-31T12:34:59","date_gmt":"2023-05-31T12:34:59","guid":{"rendered":"https:\/\/helpagecanada.wpengine.com\/nos-programmes\/global-programs\/"},"modified":"2024-09-12T18:43:35","modified_gmt":"2024-09-12T18:43:35","slug":"programmes-mondiaux","status":"publish","type":"page","link":"https:\/\/helpagecanada.ca\/fr\/nos-programmes\/programmes-mondiaux\/","title":{"rendered":"Programmes mondiaux"},"content":{"rendered":"<p>[et_pb_section fb_built=\u00a0\u00bb1&Prime; _builder_version=\u00a0\u00bb4.18.0&Prime; _module_preset=\u00a0\u00bbdefault\u00a0\u00bb custom_css_main_element=\u00a0\u00bbbackground: linear-gradient(183deg, rgba(0, 0, 0, 0) 65%, rgba(4,0,123,0.5) 65%), url(https:\/\/helpagecanada.ca\/wp-content\/uploads\/AdobeStock_300422555-scaled.jpeg);||background-position: center;||background-size: cover;\u00a0\u00bb locked=\u00a0\u00bboff\u00a0\u00bb global_colors_info=\u00a0\u00bb{}\u00a0\u00bb][et_pb_row _builder_version=\u00a0\u00bb4.18.0&Prime; _module_preset=\u00a0\u00bbdefault\u00a0\u00bb global_colors_info=\u00a0\u00bb{}\u00a0\u00bb][et_pb_column type=\u00a0\u00bb4_4&Prime; _builder_version=\u00a0\u00bb4.18.0&Prime; _module_preset=\u00a0\u00bbdefault\u00a0\u00bb global_colors_info=\u00a0\u00bb{}\u00a0\u00bb][et_pb_text _builder_version=\u00a0\u00bb4.22.1&Prime; _module_preset=\u00a0\u00bbdefault\u00a0\u00bb header_text_color=\u00a0\u00bb#FFFFFF\u00a0\u00bb header_2_text_color=\u00a0\u00bb#FFFFFF\u00a0\u00bb custom_padding=\u00a0\u00bb360px||10px||false|false\u00a0\u00bb header_text_shadow_style=\u00a0\u00bbpreset2&Prime; global_colors_info=\u00a0\u00bb{}\u00a0\u00bb]<\/p>\n<h2><strong><img loading=\"lazy\" decoding=\"async\" src=\"https:\/\/helpagecanada.ca\/wp-content\/uploads\/half-glob-icon@3x-141x300.png\" width=\"32\" height=\"68\" alt=\"\" class=\"wp-image-49352 alignnone size-medium\" style=\"float: left; margin-right: 10px; margin-top: 10px;\" \/>Promouvoir des r\u00e9ponses humanitaires adapt\u00e9es aux <br \/>besoins sp\u00e9cifiques des personnes \u00e2g\u00e9es dans le monde entier<br \/><\/strong><\/h2>\n<p>[\/et_pb_text][\/et_pb_column][\/et_pb_row][\/et_pb_section][et_pb_section fb_built=\u00a0\u00bb1&Prime; _builder_version=\u00a0\u00bb4.18.0&Prime; _module_preset=\u00a0\u00bbdefault\u00a0\u00bb custom_padding=\u00a0\u00bb||60px|||\u00a0\u00bb locked=\u00a0\u00bboff\u00a0\u00bb global_colors_info=\u00a0\u00bb{}\u00a0\u00bb][et_pb_row column_structure=\u00a0\u00bb1_2,1_2&Prime; _builder_version=\u00a0\u00bb4.18.0&Prime; _module_preset=\u00a0\u00bbdefault\u00a0\u00bb custom_padding=\u00a0\u00bb||4px|||\u00a0\u00bb global_colors_info=\u00a0\u00bb{}\u00a0\u00bb][et_pb_column type=\u00a0\u00bb1_2&Prime; _builder_version=\u00a0\u00bb4.18.0&Prime; _module_preset=\u00a0\u00bbdefault\u00a0\u00bb global_colors_info=\u00a0\u00bb{}\u00a0\u00bb][et_pb_text _builder_version=\u00a0\u00bb4.21.0&Prime; _module_preset=\u00a0\u00bbdefault\u00a0\u00bb text_font=\u00a0\u00bb||||||||\u00a0\u00bb custom_margin=\u00a0\u00bb15px||15px||true|false\u00a0\u00bb global_colors_info=\u00a0\u00bb{}\u00a0\u00bb]<\/p>\n<p>Depuis plus de 45 ans, Aide aux A\u00een\u00e9s Canada \u00e9labore des programmes avec des partenaires locaux dans le monde entier. De la nourriture et des logements aux soins m\u00e9dicaux de base, nous soutenons les personnes \u00e2g\u00e9es l\u00e0 o\u00f9 le besoin est le plus grand.<\/p>\n<p>[\/et_pb_text][\/et_pb_column][et_pb_column type=\u00a0\u00bb1_2&Prime; _builder_version=\u00a0\u00bb4.18.0&Prime; _module_preset=\u00a0\u00bbdefault\u00a0\u00bb global_colors_info=\u00a0\u00bb{}\u00a0\u00bb][et_pb_text _builder_version=\u00a0\u00bb4.21.0&Prime; _module_preset=\u00a0\u00bbdefault\u00a0\u00bb text_font=\u00a0\u00bbInter||||||||\u00a0\u00bb header_font=\u00a0\u00bbInter||||||||\u00a0\u00bb header_2_font=\u00a0\u00bbInter||||||||\u00a0\u00bb header_3_font=\u00a0\u00bbInter||||||||\u00a0\u00bb header_4_font=\u00a0\u00bbInter||||||||\u00a0\u00bb background_color=\u00a0\u00bb#2e3192&Prime; background_layout=\u00a0\u00bbdark\u00a0\u00bb custom_padding=\u00a0\u00bb30px|25px|15px|25px|false|true\u00a0\u00bb custom_css_main_element=\u00a0\u00bb padding: 5rem;||    height: 80%;||    clip-path: polygon(0 15%, 100% 0%, 100% 100%, 0 85%, 0 0); \u00a0\u00bb global_colors_info=\u00a0\u00bb{}\u00a0\u00bb]<\/p>\n<p style=\"text-align: center;\"><strong>Seulement 20 % des personnes \u00e2g\u00e9es des pays en d\u00e9veloppement b\u00e9n\u00e9ficient d&rsquo;une pension de retraite et des millions d&rsquo;autres n&rsquo;ont aucun revenu fiable.<\/strong><\/p>\n<p>[\/et_pb_text][\/et_pb_column][\/et_pb_row][et_pb_row _builder_version=\u00a0\u00bb4.18.0&Prime; _module_preset=\u00a0\u00bbdefault\u00a0\u00bb custom_padding=\u00a0\u00bb||27px|||\u00a0\u00bb global_colors_info=\u00a0\u00bb{}\u00a0\u00bb][et_pb_column type=\u00a0\u00bb4_4&Prime; _builder_version=\u00a0\u00bb4.18.0&Prime; _module_preset=\u00a0\u00bbdefault\u00a0\u00bb global_colors_info=\u00a0\u00bb{}\u00a0\u00bb][et_pb_divider color=\u00a0\u00bb#707070&Prime; divider_position=\u00a0\u00bbcenter\u00a0\u00bb _builder_version=\u00a0\u00bb4.21.0&Prime; _module_preset=\u00a0\u00bbdefault\u00a0\u00bb global_colors_info=\u00a0\u00bb{}\u00a0\u00bb][\/et_pb_divider][et_pb_text _builder_version=\u00a0\u00bb4.21.0&Prime; _module_preset=\u00a0\u00bbdefault\u00a0\u00bb text_font=\u00a0\u00bb||||||||\u00a0\u00bb global_colors_info=\u00a0\u00bb{}\u00a0\u00bb]<\/p>\n<h4 style=\"text-align: center;\"><strong>Nous aidons les personnes \u00e2g\u00e9es vivant dans ces pays :<\/strong><\/h4>\n<p>[\/et_pb_text][et_pb_image src=\u00a0\u00bbhttps:\/\/helpagecanada.ca\/wp-content\/uploads\/French-International-Map.png\u00a0\u00bb title_text=\u00a0\u00bbFrench International Map\u00a0\u00bb _builder_version=\u00a0\u00bb4.27.0&Prime; _module_preset=\u00a0\u00bbdefault\u00a0\u00bb hover_enabled=\u00a0\u00bb0&Prime; global_colors_info=\u00a0\u00bb{}\u00a0\u00bb sticky_enabled=\u00a0\u00bb0&Prime;][\/et_pb_image][et_pb_divider color=\u00a0\u00bb#707070&Prime; divider_position=\u00a0\u00bbcenter\u00a0\u00bb _builder_version=\u00a0\u00bb4.21.0&Prime; _module_preset=\u00a0\u00bbdefault\u00a0\u00bb global_colors_info=\u00a0\u00bb{}\u00a0\u00bb][\/et_pb_divider][et_pb_text _builder_version=\u00a0\u00bb4.21.0&Prime; _module_preset=\u00a0\u00bbdefault\u00a0\u00bb text_font=\u00a0\u00bb||||||||\u00a0\u00bb width=\u00a0\u00bb90%\u00a0\u00bb module_alignment=\u00a0\u00bbcenter\u00a0\u00bb custom_margin=\u00a0\u00bb||||false|false\u00a0\u00bb custom_padding=\u00a0\u00bb||||false|false\u00a0\u00bb global_colors_info=\u00a0\u00bb{}\u00a0\u00bb]<\/p>\n<p>Parce que nous croyons que les adultes vieillissants sont essentiels au tissu de toutes les soci\u00e9t\u00e9s, nous nous engageons \u00e0 am\u00e9liorer leur inclusion et leur repr\u00e9sentation en prenant part \u00e0 un mouvement international pour le changement en tant que membres du r\u00e9seau mondial HelpAge.<\/p>\n<p>&nbsp;<\/p>\n<h4 style=\"text-align: center;\"><strong>Les besoins sp\u00e9cifiques des adultes vieillissants en situation de crise sont urgents :<\/strong><\/h4>\n<p>[\/et_pb_text][\/et_pb_column][\/et_pb_row][et_pb_row column_structure=\u00a0\u00bb1_5,1_5,1_5,1_5,1_5&Prime; _builder_version=\u00a0\u00bb4.21.0&Prime; _module_preset=\u00a0\u00bbdefault\u00a0\u00bb custom_padding=\u00a0\u00bb2px|||||\u00a0\u00bb global_colors_info=\u00a0\u00bb{}\u00a0\u00bb][et_pb_column type=\u00a0\u00bb1_5&Prime; _builder_version=\u00a0\u00bb4.21.0&Prime; _module_preset=\u00a0\u00bbdefault\u00a0\u00bb global_colors_info=\u00a0\u00bb{}\u00a0\u00bb][et_pb_number_counter title=\u00a0\u00bbN&rsquo;ont aucun revenu\u00a0\u00bb number=\u00a0\u00bb77&Prime; _builder_version=\u00a0\u00bb4.21.0&Prime; _module_preset=\u00a0\u00bbdefault\u00a0\u00bb title_level=\u00a0\u00bbh6&Prime; title_font=\u00a0\u00bbInter||||||||\u00a0\u00bb title_font_size=\u00a0\u00bb20px\u00a0\u00bb number_font=\u00a0\u00bbInter|700|||||||\u00a0\u00bb number_text_color=\u00a0\u00bb#0a71bb\u00a0\u00bb global_colors_info=\u00a0\u00bb{}\u00a0\u00bb][\/et_pb_number_counter][\/et_pb_column][et_pb_column type=\u00a0\u00bb1_5&Prime; _builder_version=\u00a0\u00bb4.21.0&Prime; _module_preset=\u00a0\u00bbdefault\u00a0\u00bb global_colors_info=\u00a0\u00bb{}\u00a0\u00bb][et_pb_number_counter title=\u00a0\u00bbN&rsquo;ont pas suffisamment \u00e0 manger\u00a0\u00bb number=\u00a0\u00bb64&Prime; _builder_version=\u00a0\u00bb4.21.0&Prime; _module_preset=\u00a0\u00bbdefault\u00a0\u00bb title_level=\u00a0\u00bbh6&Prime; title_font=\u00a0\u00bbInter||||||||\u00a0\u00bb title_font_size=\u00a0\u00bb20px\u00a0\u00bb number_font=\u00a0\u00bbInter|700|||||||\u00a0\u00bb number_text_color=\u00a0\u00bb#0a71bb\u00a0\u00bb global_colors_info=\u00a0\u00bb{}\u00a0\u00bb][\/et_pb_number_counter][\/et_pb_column][et_pb_column type=\u00a0\u00bb1_5&Prime; _builder_version=\u00a0\u00bb4.21.0&Prime; _module_preset=\u00a0\u00bbdefault\u00a0\u00bb global_colors_info=\u00a0\u00bb{}\u00a0\u00bb][et_pb_number_counter title=\u00a0\u00bbN&rsquo;ont pas acc\u00e8s \u00e0 des toilettes\u00a0\u00bb number=\u00a0\u00bb35&Prime; _builder_version=\u00a0\u00bb4.21.0&Prime; _module_preset=\u00a0\u00bbdefault\u00a0\u00bb title_level=\u00a0\u00bbh6&Prime; title_font=\u00a0\u00bbInter||||||||\u00a0\u00bb title_font_size=\u00a0\u00bb20px\u00a0\u00bb number_font=\u00a0\u00bbInter|700|||||||\u00a0\u00bb number_text_color=\u00a0\u00bb#0a71bb\u00a0\u00bb global_colors_info=\u00a0\u00bb{}\u00a0\u00bb][\/et_pb_number_counter][\/et_pb_column][et_pb_column type=\u00a0\u00bb1_5&Prime; _builder_version=\u00a0\u00bb4.21.0&Prime; _module_preset=\u00a0\u00bbdefault\u00a0\u00bb global_colors_info=\u00a0\u00bb{}\u00a0\u00bb][et_pb_number_counter title=\u00a0\u00bbN&rsquo;ont pas acc\u00e8s \u00e0 l&rsquo;eau potable\u00a0\u00bb number=\u00a0\u00bb25&Prime; _builder_version=\u00a0\u00bb4.21.0&Prime; _module_preset=\u00a0\u00bbdefault\u00a0\u00bb title_level=\u00a0\u00bbh6&Prime; title_font=\u00a0\u00bbInter||||||||\u00a0\u00bb title_font_size=\u00a0\u00bb20px\u00a0\u00bb number_font=\u00a0\u00bbInter|700|||||||\u00a0\u00bb number_text_color=\u00a0\u00bb#0a71bb\u00a0\u00bb global_colors_info=\u00a0\u00bb{}\u00a0\u00bb][\/et_pb_number_counter][\/et_pb_column][et_pb_column type=\u00a0\u00bb1_5&Prime; _builder_version=\u00a0\u00bb4.21.0&Prime; _module_preset=\u00a0\u00bbdefault\u00a0\u00bb global_colors_info=\u00a0\u00bb{}\u00a0\u00bb][et_pb_number_counter title=\u00a0\u00bbN&rsquo;ont pas acc\u00e8s \u00e0 un abri\u00a0\u00bb number=\u00a0\u00bb20&Prime; _builder_version=\u00a0\u00bb4.21.0&Prime; _module_preset=\u00a0\u00bbdefault\u00a0\u00bb title_level=\u00a0\u00bbh6&Prime; title_font=\u00a0\u00bbInter||||||||\u00a0\u00bb title_font_size=\u00a0\u00bb20px\u00a0\u00bb number_font=\u00a0\u00bbInter|700|||||||\u00a0\u00bb number_text_color=\u00a0\u00bb#0a71bb\u00a0\u00bb global_colors_info=\u00a0\u00bb{}\u00a0\u00bb][\/et_pb_number_counter][\/et_pb_column][\/et_pb_row][et_pb_row column_structure=\u00a0\u00bb1_2,1_2&Prime; _builder_version=\u00a0\u00bb4.21.0&Prime; _module_preset=\u00a0\u00bbdefault\u00a0\u00bb custom_padding=\u00a0\u00bb0px||0px|||\u00a0\u00bb global_colors_info=\u00a0\u00bb{}\u00a0\u00bb][et_pb_column type=\u00a0\u00bb1_2&Prime; _builder_version=\u00a0\u00bb4.21.0&Prime; _module_preset=\u00a0\u00bbdefault\u00a0\u00bb global_colors_info=\u00a0\u00bb{}\u00a0\u00bb][et_pb_image src=\u00a0\u00bbhttps:\/\/helpagecanada.ca\/wp-content\/uploads\/SolidariteInternationale_colour.png\u00a0\u00bb title_text=\u00a0\u00bbSolidariteInternationale_colour\u00a0\u00bb url=\u00a0\u00bbhttps:\/\/helpagecanada.ca\/fr\/nos-programmes\/programmes-mondiaux\/solidarite-internationale\/\u00a0\u00bb _builder_version=\u00a0\u00bb4.22.1&Prime; _module_preset=\u00a0\u00bbdefault\u00a0\u00bb width=\u00a0\u00bb110%\u00a0\u00bb global_colors_info=\u00a0\u00bb{}\u00a0\u00bb][\/et_pb_image][\/et_pb_column][et_pb_column type=\u00a0\u00bb1_2&Prime; _builder_version=\u00a0\u00bb4.21.0&Prime; _module_preset=\u00a0\u00bbdefault\u00a0\u00bb global_colors_info=\u00a0\u00bb{}\u00a0\u00bb][et_pb_image src=\u00a0\u00bbhttps:\/\/helpagecanada.ca\/wp-content\/uploads\/ParrainerunGP_colour.png\u00a0\u00bb title_text=\u00a0\u00bbParrainerunGP_colour\u00a0\u00bb url=\u00a0\u00bbhttps:\/\/helpagecanada.ca\/fr\/nos-programmes\/programmes-mondiaux\/parrainer-un-grand-parent\/\u00a0\u00bb _builder_version=\u00a0\u00bb4.22.1&Prime; _module_preset=\u00a0\u00bbdefault\u00a0\u00bb width=\u00a0\u00bb75%\u00a0\u00bb module_alignment=\u00a0\u00bbcenter\u00a0\u00bb global_colors_info=\u00a0\u00bb{}\u00a0\u00bb][\/et_pb_image][\/et_pb_column][\/et_pb_row][et_pb_row _builder_version=\u00a0\u00bb4.21.0&Prime; _module_preset=\u00a0\u00bbdefault\u00a0\u00bb custom_padding=\u00a0\u00bb||4px|||\u00a0\u00bb global_colors_info=\u00a0\u00bb{}\u00a0\u00bb][et_pb_column type=\u00a0\u00bb4_4&Prime; _builder_version=\u00a0\u00bb4.21.0&Prime; _module_preset=\u00a0\u00bbdefault\u00a0\u00bb global_colors_info=\u00a0\u00bb{}\u00a0\u00bb][et_pb_divider color=\u00a0\u00bb#707070&Prime; divider_position=\u00a0\u00bbcenter\u00a0\u00bb _builder_version=\u00a0\u00bb4.21.0&Prime; _module_preset=\u00a0\u00bbdefault\u00a0\u00bb global_colors_info=\u00a0\u00bb{}\u00a0\u00bb][\/et_pb_divider][et_pb_text _builder_version=\u00a0\u00bb4.22.1&Prime; _module_preset=\u00a0\u00bbdefault\u00a0\u00bb custom_margin=\u00a0\u00bb||-2px|||\u00a0\u00bb global_colors_info=\u00a0\u00bb{}\u00a0\u00bb]<\/p>\n<h2 style=\"text-align: center;\"><strong>R\u00e9ponse \u00e0 la crise actuelle<\/strong><\/h2>\n<p>[\/et_pb_text][et_pb_slider use_text_overlay=\u00a0\u00bboff\u00a0\u00bb arrows_custom_color=\u00a0\u00bb#2e3192&Prime; dot_nav_custom_color=\u00a0\u00bb#2e3192&Prime; _builder_version=\u00a0\u00bb4.22.1&Prime; _module_preset=\u00a0\u00bbdefault\u00a0\u00bb header_level=\u00a0\u00bbh3&Prime; header_text_color=\u00a0\u00bb#000000&Prime; body_text_color=\u00a0\u00bb#000000&Prime; background_color=\u00a0\u00bbRGBA(255,255,255,0)\u00a0\u00bb custom_button=\u00a0\u00bbon\u00a0\u00bb button_bg_color=\u00a0\u00bb#2e3192&Prime; custom_margin=\u00a0\u00bb-30px||||false|false\u00a0\u00bb custom_padding=\u00a0\u00bb90px||90px||true|false\u00a0\u00bb animation_style=\u00a0\u00bbslide\u00a0\u00bb auto=\u00a0\u00bbon\u00a0\u00bb header_text_shadow_style=\u00a0\u00bbpreset4&Prime; header_text_shadow_vertical_length=\u00a0\u00bb0em\u00a0\u00bb body_text_shadow_style=\u00a0\u00bbpreset4&Prime; body_text_shadow_vertical_length=\u00a0\u00bb0em\u00a0\u00bb global_colors_info=\u00a0\u00bb{}\u00a0\u00bb][et_pb_slide heading=\u00a0\u00bbTremblement de terre en Turquie et en Syrie\u00a0\u00bb button_text=\u00a0\u00bbEn savoir plus\u00a0\u00bb button_link=\u00a0\u00bb\/turkiye-and-syria-earthquake\/\u00a0\u00bb image=\u00a0\u00bbhttps:\/\/helpagecanada.ca\/wp-content\/uploads\/RS9387_AO1F7108-scaled.jpg\u00a0\u00bb arrows_custom_color=\u00a0\u00bb#2e3192&Prime; dot_nav_custom_color=\u00a0\u00bb#2e3192&Prime; _builder_version=\u00a0\u00bb4.22.1&Prime; _module_preset=\u00a0\u00bbdefault\u00a0\u00bb global_colors_info=\u00a0\u00bb{}\u00a0\u00bb sticky_transition=\u00a0\u00bbon\u00a0\u00bb]<\/p>\n<p>Aux premi\u00e8res heures du 6 f\u00e9vrier 2023, un tremblement de terre de magnitude 7,8 a frapp\u00e9 la Turquie et le nord de la Syrie, d\u00e9truisant des centaines de b\u00e2timents et tuant plus de 57 000 personnes. Faites un don aujourd&rsquo;hui pour que les personnes \u00e2g\u00e9es en Turquie et en Syrie re\u00e7oivent les soins dont elles ont besoin.<\/p>\n<p>[\/et_pb_slide][et_pb_slide heading=\u00a0\u00bbInondations au Pakistan\u00a0\u00bb button_text=\u00a0\u00bbEn savoir plus\u00a0\u00bb button_link=\u00a0\u00bb\/pakistan-floods\/\u00a0\u00bb image=\u00a0\u00bbhttps:\/\/helpagecanada.ca\/wp-content\/uploads\/RS8783_HAI_0578-scaled.jpg\u00a0\u00bb _builder_version=\u00a0\u00bb4.22.1&Prime; _module_preset=\u00a0\u00bbdefault\u00a0\u00bb global_colors_info=\u00a0\u00bb{}\u00a0\u00bb sticky_transition=\u00a0\u00bbon\u00a0\u00bb]<\/p>\n<p>Un tiers du pays est sous les eaux et plus d&rsquo;un million de maisons ont \u00e9t\u00e9 d\u00e9truites. Nous avons besoin de votre aide pour soutenir les personnes \u00e2g\u00e9es qui ont un besoin urgent d&rsquo;abris, de nourriture et de produits d&rsquo;hygi\u00e8ne.<\/p>\n<p>[\/et_pb_slide][et_pb_slide heading=\u00a0\u00bbLa guerre en Ukraine\u00a0\u00bb button_text=\u00a0\u00bbEn savoir plus\u00a0\u00bb button_link=\u00a0\u00bb\/war-in-ukraine\/\u00a0\u00bb image=\u00a0\u00bbhttps:\/\/helpagecanada.ca\/wp-content\/uploads\/IMG_6084-scaled.jpg\u00a0\u00bb _builder_version=\u00a0\u00bb4.22.1&Prime; _module_preset=\u00a0\u00bbdefault\u00a0\u00bb global_colors_info=\u00a0\u00bb{}\u00a0\u00bb sticky_transition=\u00a0\u00bbon\u00a0\u00bb]<\/p>\n<p>2,5 millions d&rsquo;Ukrainiens \u00e2g\u00e9s ont besoin d&rsquo;une aide humanitaire \u00e0 la suite de l&rsquo;invasion russe. Agissez maintenant pour aider ceux qui vivent cette crise humanitaire provoqu\u00e9e par l&rsquo;homme.<\/p>\n<p>[\/et_pb_slide][et_pb_slide heading=\u00a0\u00bbCrise des r\u00e9fugi\u00e9s en \u00c9thiopie\u00a0\u00bb button_text=\u00a0\u00bbEn savoir plus\u00a0\u00bb button_link=\u00a0\u00bb\/ethiopia\/\u00a0\u00bb image=\u00a0\u00bbhttps:\/\/helpagecanada.ca\/wp-content\/uploads\/Sitemap-Ethiopia-02-scaled.jpg\u00a0\u00bb _builder_version=\u00a0\u00bb4.22.1&Prime; _module_preset=\u00a0\u00bbdefault\u00a0\u00bb global_colors_info=\u00a0\u00bb{}\u00a0\u00bb sticky_transition=\u00a0\u00bbon\u00a0\u00bb]<\/p>\n<p>Plus de 50 000 personnes \u00e2g\u00e9es vivant dans la r\u00e9gion de Gambela, dans l&rsquo;ouest de l&rsquo;\u00c9thiopie, risquent de souffrir de malnutrition aigu\u00eb et sont confront\u00e9es \u00e0 un manque de m\u00e9dicaments et d&rsquo;appareils de mobilit\u00e9. Donnez g\u00e9n\u00e9reusement pour soutenir leur bien-\u00eatre et leur dignit\u00e9 aujourd&rsquo;hui.<\/p>\n<p>[\/et_pb_slide][\/et_pb_slider][\/et_pb_column][\/et_pb_row][\/et_pb_section][et_pb_section fb_built=\u00a0\u00bb1&Prime; _builder_version=\u00a0\u00bb4.21.0&Prime; _module_preset=\u00a0\u00bbdefault\u00a0\u00bb background_color=\u00a0\u00bb#ED1350&Prime; custom_padding=\u00a0\u00bb65px||65px||true|\u00a0\u00bb locked=\u00a0\u00bboff\u00a0\u00bb global_colors_info=\u00a0\u00bb{}\u00a0\u00bb][et_pb_row custom_padding_last_edited=\u00a0\u00bbon|phone\u00a0\u00bb _builder_version=\u00a0\u00bb4.21.0&Prime; _module_preset=\u00a0\u00bbdefault\u00a0\u00bb width=\u00a0\u00bb55%\u00a0\u00bb width_tablet=\u00a0\u00bb55%\u00a0\u00bb width_phone=\u00a0\u00bb80%\u00a0\u00bb width_last_edited=\u00a0\u00bbon|phone\u00a0\u00bb custom_padding=\u00a0\u00bb||0px|||\u00a0\u00bb custom_padding_tablet=\u00a0\u00bb||0px|||\u00a0\u00bb custom_padding_phone=\u00a0\u00bb0px||0px||false|false\u00a0\u00bb global_colors_info=\u00a0\u00bb{}\u00a0\u00bb][et_pb_column type=\u00a0\u00bb4_4&Prime; _builder_version=\u00a0\u00bb4.21.0&Prime; _module_preset=\u00a0\u00bbdefault\u00a0\u00bb global_colors_info=\u00a0\u00bb{}\u00a0\u00bb][et_pb_text _builder_version=\u00a0\u00bb4.22.1&Prime; _module_preset=\u00a0\u00bbdefault\u00a0\u00bb text_font=\u00a0\u00bb|600|||||||\u00a0\u00bb header_2_font=\u00a0\u00bb|700|||||||\u00a0\u00bb background_layout=\u00a0\u00bbdark\u00a0\u00bb global_colors_info=\u00a0\u00bb{}\u00a0\u00bb]<\/p>\n<h2>Soutenez nos efforts<\/h2>\n<p>[\/et_pb_text][et_pb_text _builder_version=\u00a0\u00bb4.21.0&Prime; _module_preset=\u00a0\u00bbdefault\u00a0\u00bb text_font=\u00a0\u00bb|600|||||||\u00a0\u00bb header_2_font=\u00a0\u00bb|700|||||||\u00a0\u00bb background_layout=\u00a0\u00bbdark\u00a0\u00bb global_colors_info=\u00a0\u00bb{}\u00a0\u00bb]<\/p>\n<p>Nous appr\u00e9cions le soutien de nos g\u00e9n\u00e9reux donateurs qui nous aident \u00e0 cr\u00e9er un monde dans lequel toutes les personnes \u00e2g\u00e9es m\u00e8nent une vie s\u00fbre, saine, active et convenable.<\/p>\n<p>[\/et_pb_text][et_pb_button button_url=\u00a0\u00bb?form=donations\u00a0\u00bb button_text=\u00a0\u00bbDonnez\u00a0\u00bb button_alignment=\u00a0\u00bbleft\u00a0\u00bb _builder_version=\u00a0\u00bb4.22.1&Prime; _module_preset=\u00a0\u00bbdefault\u00a0\u00bb custom_button=\u00a0\u00bbon\u00a0\u00bb button_text_color=\u00a0\u00bb#ED1350&Prime; button_bg_color=\u00a0\u00bb#FFFFFF\u00a0\u00bb button_font=\u00a0\u00bb|||on|||||\u00a0\u00bb custom_padding=\u00a0\u00bb|30px||30px|false|true\u00a0\u00bb global_colors_info=\u00a0\u00bb{}\u00a0\u00bb][\/et_pb_button][\/et_pb_column][\/et_pb_row][\/et_pb_section]<\/p>\n","protected":false},"excerpt":{"rendered":"<p>Promouvoir des r\u00e9ponses humanitaires adapt\u00e9es aux besoins sp\u00e9cifiques des personnes \u00e2g\u00e9es dans le monde entierDepuis plus de 45 ans, Aide aux A\u00een\u00e9s Canada \u00e9labore des programmes avec des partenaires locaux dans le monde entier. De la nourriture et des logements aux soins m\u00e9dicaux de base, nous soutenons les personnes \u00e2g\u00e9es l\u00e0 o\u00f9 le besoin est [&hellip;]<\/p>\n","protected":false},"author":10,"featured_media":0,"parent":51867,"menu_order":0,"comment_status":"closed","ping_status":"closed","template":"","meta":{"_acf_changed":false,"_et_pb_use_builder":"on","_et_pb_old_content":"","_et_gb_content_width":"","om_disable_all_campaigns":false,"_monsterinsights_skip_tracking":false,"_monsterinsights_sitenote_active":false,"_monsterinsights_sitenote_note":"","_monsterinsights_sitenote_category":0,"_uf_show_specific_survey":0,"_uf_disable_surveys":false,"footnotes":""},"dipi_cpt_category":[],"class_list":["post-51891","page","type-page","status-publish","hentry"],"acf":[],"_links":{"self":[{"href":"https:\/\/helpagecanada.ca\/fr\/wp-json\/wp\/v2\/pages\/51891","targetHints":{"allow":["GET"]}}],"collection":[{"href":"https:\/\/helpagecanada.ca\/fr\/wp-json\/wp\/v2\/pages"}],"about":[{"href":"https:\/\/helpagecanada.ca\/fr\/wp-json\/wp\/v2\/types\/page"}],"author":[{"embeddable":true,"href":"https:\/\/helpagecanada.ca\/fr\/wp-json\/wp\/v2\/users\/10"}],"replies":[{"embeddable":true,"href":"https:\/\/helpagecanada.ca\/fr\/wp-json\/wp\/v2\/comments?post=51891"}],"version-history":[{"count":0,"href":"https:\/\/helpagecanada.ca\/fr\/wp-json\/wp\/v2\/pages\/51891\/revisions"}],"up":[{"embeddable":true,"href":"https:\/\/helpagecanada.ca\/fr\/wp-json\/wp\/v2\/pages\/51867"}],"wp:attachment":[{"href":"https:\/\/helpagecanada.ca\/fr\/wp-json\/wp\/v2\/media?parent=51891"}],"wp:term":[{"taxonomy":"dipi_cpt_category","embeddable":true,"href":"https:\/\/helpagecanada.ca\/fr\/wp-json\/wp\/v2\/dipi_cpt_category?post=51891"}],"curies":[{"name":"wp","href":"https:\/\/api.w.org\/{rel}","templated":true}]}}