{"id":51883,"date":"2023-05-31T11:29:29","date_gmt":"2023-05-31T11:29:29","guid":{"rendered":"https:\/\/helpagecanada.wpengine.com\/nos-programmes\/programmes-canadiens\/canada-homeshare\/"},"modified":"2024-03-06T19:25:42","modified_gmt":"2024-03-06T19:25:42","slug":"domicile-partage","status":"publish","type":"page","link":"https:\/\/helpagecanada.ca\/fr\/nos-programmes\/programmes-canadiens\/domicile-partage\/","title":{"rendered":"Domicile partag\u00e9"},"content":{"rendered":"<p>[et_pb_section fb_built=\u00a0\u00bb1&Prime; _builder_version=\u00a0\u00bb4.22.1&Prime; _module_preset=\u00a0\u00bbdefault\u00a0\u00bb background_enable_color=\u00a0\u00bboff\u00a0\u00bb use_background_color_gradient=\u00a0\u00bbon\u00a0\u00bb background_color_gradient_stops=\u00a0\u00bbrgba(0,0,0,0.35) 30%|rgba(255,255,255,0) 100%\u00a0\u00bb background_color_gradient_overlays_image=\u00a0\u00bbon\u00a0\u00bb background_image=\u00a0\u00bbhttps:\/\/helpagecanada.ca\/wp-content\/uploads\/iStock-1335711425-scaled.jpg\u00a0\u00bb background_position=\u00a0\u00bbtop_left\u00a0\u00bb background_vertical_offset=\u00a0\u00bb51%\u00a0\u00bb custom_margin=\u00a0\u00bb||||false|false\u00a0\u00bb custom_padding=\u00a0\u00bb||||false|false\u00a0\u00bb background_last_edited=\u00a0\u00bbon|phone\u00a0\u00bb background_position_phone=\u00a0\u00bbcenter\u00a0\u00bb global_colors_info=\u00a0\u00bb{}\u00a0\u00bb][et_pb_row column_structure=\u00a0\u00bb3_5,2_5&Prime; custom_padding_last_edited=\u00a0\u00bbon|phone\u00a0\u00bb _builder_version=\u00a0\u00bb4.18.0&Prime; _module_preset=\u00a0\u00bbdefault\u00a0\u00bb module_alignment=\u00a0\u00bbcenter\u00a0\u00bb custom_margin=\u00a0\u00bb|auto||0px|false|false\u00a0\u00bb custom_padding=\u00a0\u00bb145px||145px||true|\u00a0\u00bb custom_padding_tablet=\u00a0\u00bb145px||145px||true|\u00a0\u00bb custom_padding_phone=\u00a0\u00bb30px||0px||false|false\u00a0\u00bb global_colors_info=\u00a0\u00bb{}\u00a0\u00bb][et_pb_column type=\u00a0\u00bb3_5&Prime; _builder_version=\u00a0\u00bb4.18.0&Prime; _module_preset=\u00a0\u00bbdefault\u00a0\u00bb global_colors_info=\u00a0\u00bb{}\u00a0\u00bb][et_pb_image src=\u00a0\u00bbhttps:\/\/helpagecanada.ca\/wp-content\/uploads\/DomicilePartege_white.png\u00a0\u00bb title_text=\u00a0\u00bbDomicilePartege_white\u00a0\u00bb _builder_version=\u00a0\u00bb4.22.1&Prime; _module_preset=\u00a0\u00bbdefault\u00a0\u00bb width=\u00a0\u00bb59%\u00a0\u00bb custom_margin=\u00a0\u00bb||||false|false\u00a0\u00bb global_colors_info=\u00a0\u00bb{}\u00a0\u00bb][\/et_pb_image][\/et_pb_column][et_pb_column type=\u00a0\u00bb2_5&Prime; _builder_version=\u00a0\u00bb4.18.0&Prime; _module_preset=\u00a0\u00bbdefault\u00a0\u00bb global_colors_info=\u00a0\u00bb{}\u00a0\u00bb][\/et_pb_column][\/et_pb_row][\/et_pb_section][et_pb_section fb_built=\u00a0\u00bb1&Prime; _builder_version=\u00a0\u00bb4.18.0&Prime; _module_preset=\u00a0\u00bbdefault\u00a0\u00bb locked=\u00a0\u00bboff\u00a0\u00bb global_colors_info=\u00a0\u00bb{}\u00a0\u00bb][et_pb_row column_structure=\u00a0\u00bb1_2,1_2&Prime; _builder_version=\u00a0\u00bb4.21.0&Prime; _module_preset=\u00a0\u00bbdefault\u00a0\u00bb custom_padding=\u00a0\u00bb60px||50px|||\u00a0\u00bb global_colors_info=\u00a0\u00bb{}\u00a0\u00bb][et_pb_column type=\u00a0\u00bb1_2&Prime; _builder_version=\u00a0\u00bb4.21.0&Prime; _module_preset=\u00a0\u00bbdefault\u00a0\u00bb global_colors_info=\u00a0\u00bb{}\u00a0\u00bb][et_pb_text _builder_version=\u00a0\u00bb4.24.2&Prime; _module_preset=\u00a0\u00bbdefault\u00a0\u00bb module_alignment=\u00a0\u00bbcenter\u00a0\u00bb custom_margin=\u00a0\u00bb15px||15px||true|false\u00a0\u00bb hover_enabled=\u00a0\u00bb0&Prime; global_colors_info=\u00a0\u00bb{}\u00a0\u00bb sticky_enabled=\u00a0\u00bb0&Prime;]<\/p>\n<p>Seul programme national \u00e0 but non lucratif de partage de domicile au Canada, Domicile Partag\u00e9\u2122 est une option innovante de logement interg\u00e9n\u00e9rationnel qui favorise le vieillissement sur place tout en offrant des logements s\u00fbrs et abordables.<\/p>\n<p><strong>Visitez <a href=\"http:\/\/www.canadahomeshare.com\">le site officiel de Domicile Partag\u00e9<\/a> (site en anglais) pour en savoir plus ou pour commencer \u00e0 partager votre maison !<\/strong><\/p>\n<p>&nbsp;<\/p>\n<p>[\/et_pb_text][\/et_pb_column][et_pb_column type=\u00a0\u00bb1_2&Prime; _builder_version=\u00a0\u00bb4.21.0&Prime; _module_preset=\u00a0\u00bbdefault\u00a0\u00bb global_colors_info=\u00a0\u00bb{}\u00a0\u00bb][et_pb_text _builder_version=\u00a0\u00bb4.21.0&Prime; _module_preset=\u00a0\u00bbdefault\u00a0\u00bb text_font=\u00a0\u00bb|700|||||||\u00a0\u00bb link_font=\u00a0\u00bb|700||||||#FFFFFF|\u00a0\u00bb link_text_color=\u00a0\u00bb#FFFFFF\u00a0\u00bb background_color=\u00a0\u00bb#BB0F18&Prime; transform_skew_linked=\u00a0\u00bboff\u00a0\u00bb background_layout=\u00a0\u00bbdark\u00a0\u00bb custom_margin=\u00a0\u00bb||||true|false\u00a0\u00bb custom_padding=\u00a0\u00bb40px|25px|5px|25px|false|true\u00a0\u00bb custom_css_main_element=\u00a0\u00bb padding: 5rem;||    height: 80%;||    clip-path: polygon(0 0, 100% 15%, 100% 85%, 0 100%, 0 0); \u00a0\u00bb locked=\u00a0\u00bboff\u00a0\u00bb global_colors_info=\u00a0\u00bb{}\u00a0\u00bb]<\/p>\n<p style=\"text-align: center;\">Un sondage national r\u00e9alis\u00e9 en 2021 a montr\u00e9 que 78 % des Canadiens veulent vieillir dans leur maison actuelle, mais que 26 % de ces adultes ne s&rsquo;attendent pas \u00e0 pouvoir le faire <br \/>&#8211; La Marche des dix sous du Canada<strong><\/strong><\/p>\n<ul><\/ul>\n<p>[\/et_pb_text][\/et_pb_column][\/et_pb_row][\/et_pb_section][et_pb_section fb_built=\u00a0\u00bb1&Prime; _builder_version=\u00a0\u00bb4.21.0&Prime; _module_preset=\u00a0\u00bbdefault\u00a0\u00bb background_color=\u00a0\u00bbrgba(220,215,209,0.6)\u00a0\u00bb custom_padding=\u00a0\u00bb65px||65px||true|false\u00a0\u00bb global_colors_info=\u00a0\u00bb{}\u00a0\u00bb][et_pb_row column_structure=\u00a0\u00bb3_5,2_5&Prime; _builder_version=\u00a0\u00bb4.21.0&Prime; _module_preset=\u00a0\u00bbdefault\u00a0\u00bb custom_padding=\u00a0\u00bb0px||4px|||\u00a0\u00bb global_colors_info=\u00a0\u00bb{}\u00a0\u00bb][et_pb_column type=\u00a0\u00bb3_5&Prime; _builder_version=\u00a0\u00bb4.21.0&Prime; _module_preset=\u00a0\u00bbdefault\u00a0\u00bb global_colors_info=\u00a0\u00bb{}\u00a0\u00bb][et_pb_text _builder_version=\u00a0\u00bb4.24.2&Prime; _module_preset=\u00a0\u00bbdefault\u00a0\u00bb hover_enabled=\u00a0\u00bb0&Prime; global_colors_info=\u00a0\u00bb{}\u00a0\u00bb sticky_enabled=\u00a0\u00bb0&Prime;]<\/p>\n<h3><strong>Cr\u00e9er des liens entre les g\u00e9n\u00e9rations<\/strong><\/h3>\n<p>Pr\u00e8s de la moiti\u00e9 des Canadiens \u00e2g\u00e9s de plus de 50 ans sont menac\u00e9s d&rsquo;isolement social et plus de 54 % des personnes \u00e2g\u00e9es au Canada d\u00e9clarent souffrir de solitude. Le partage de la maison permet aux participants au programme d&rsquo;avoir des interactions sociales r\u00e9guli\u00e8res dans un espace confortable et familier, et offre une occasion unique d&rsquo;\u00e9changer des exp\u00e9riences, des connaissances, des cultures et bien d&rsquo;autres choses encore entre les g\u00e9n\u00e9rations.<\/p>\n<p>Domicile Partag\u00e9, ce n&rsquo;est pas seulement le partage d&rsquo;un logement, c&rsquo;est aussi le partage d&rsquo;une exp\u00e9rience unique et pr\u00e9cieuse qui va au-del\u00e0 de l&rsquo;\u00e2ge.<\/p>\n<p><span style=\"font-size: 16px;\"><\/span><\/p>\n<p>[\/et_pb_text][\/et_pb_column][et_pb_column type=\u00a0\u00bb2_5&Prime; _builder_version=\u00a0\u00bb4.21.0&Prime; _module_preset=\u00a0\u00bbdefault\u00a0\u00bb global_colors_info=\u00a0\u00bb{}\u00a0\u00bb][et_pb_text _builder_version=\u00a0\u00bb4.21.0&Prime; _module_preset=\u00a0\u00bbdefault\u00a0\u00bb text_font=\u00a0\u00bb|700|||||||\u00a0\u00bb link_font=\u00a0\u00bb|700||||||#FFFFFF|\u00a0\u00bb link_text_color=\u00a0\u00bb#FFFFFF\u00a0\u00bb background_color=\u00a0\u00bb#F25821&Prime; transform_skew_linked=\u00a0\u00bboff\u00a0\u00bb background_layout=\u00a0\u00bbdark\u00a0\u00bb custom_margin=\u00a0\u00bb40px||40px||true|false\u00a0\u00bb custom_padding=\u00a0\u00bb45px|25px|5px|25px|false|true\u00a0\u00bb custom_css_main_element=\u00a0\u00bb padding: 5rem;||    height: 80%;||    clip-path: polygon(0 15%,100% 0%,100% 100%,0 85%,0 0);\u00a0\u00bb locked=\u00a0\u00bboff\u00a0\u00bb global_colors_info=\u00a0\u00bb{}\u00a0\u00bb]<\/p>\n<p style=\"text-align: center;\"><strong>Les adultes \u00e2g\u00e9s de 55 ans et plus repr\u00e9sentent actuellement environ un quart des r\u00e9sidents de Vancouver, Winnipeg, Halifax, Calgary, Toronto et Montr\u00e9al. D&rsquo;ici \u00e0 2041, on estime que ce nombre doublera <br \/>&#8211; Ville de Burnaby<\/strong><\/p>\n<ul><\/ul>\n<p>[\/et_pb_text][\/et_pb_column][\/et_pb_row][et_pb_row column_structure=\u00a0\u00bb1_4,3_4&Prime; _builder_version=\u00a0\u00bb4.22.1&Prime; _module_preset=\u00a0\u00bbdefault\u00a0\u00bb background_color=\u00a0\u00bb#FFFFFF\u00a0\u00bb custom_margin=\u00a0\u00bb60px|auto||auto|false|false\u00a0\u00bb custom_padding=\u00a0\u00bb0px||0px||false|false\u00a0\u00bb border_color_all=\u00a0\u00bb#707070&Prime; locked=\u00a0\u00bboff\u00a0\u00bb global_colors_info=\u00a0\u00bb{}\u00a0\u00bb][et_pb_column type=\u00a0\u00bb1_4&Prime; _builder_version=\u00a0\u00bb4.21.0&Prime; _module_preset=\u00a0\u00bbdefault\u00a0\u00bb global_colors_info=\u00a0\u00bb{}\u00a0\u00bb][et_pb_image src=\u00a0\u00bbhttps:\/\/helpagecanada.ca\/wp-content\/uploads\/AdobeStock_145476460-300&#215;200.jpeg\u00a0\u00bb title_text=\u00a0\u00bbGranddaughter pointing at something on laptop screen to her gran\u00a0\u00bb _builder_version=\u00a0\u00bb4.22.1&Prime; _module_preset=\u00a0\u00bbdefault\u00a0\u00bb width=\u00a0\u00bb126%\u00a0\u00bb width_tablet=\u00a0\u00bb126%\u00a0\u00bb width_phone=\u00a0\u00bb100%\u00a0\u00bb width_last_edited=\u00a0\u00bbon|phone\u00a0\u00bb height_tablet=\u00a0\u00bb\u00a0\u00bb height_phone=\u00a0\u00bb240px\u00a0\u00bb height_last_edited=\u00a0\u00bbon|phone\u00a0\u00bb global_colors_info=\u00a0\u00bb{}\u00a0\u00bb][\/et_pb_image][\/et_pb_column][et_pb_column type=\u00a0\u00bb3_4&Prime; _builder_version=\u00a0\u00bb4.21.0&Prime; _module_preset=\u00a0\u00bbdefault\u00a0\u00bb global_colors_info=\u00a0\u00bb{}\u00a0\u00bb][et_pb_text _builder_version=\u00a0\u00bb4.22.1&Prime; _module_preset=\u00a0\u00bbdefault\u00a0\u00bb link_font=\u00a0\u00bb|700|||||||\u00a0\u00bb link_text_color=\u00a0\u00bb#000000&Prime; link_font_size=\u00a0\u00bb14px\u00a0\u00bb custom_margin=\u00a0\u00bb15px|20px||15px|false|false\u00a0\u00bb global_colors_info=\u00a0\u00bb{}\u00a0\u00bb]\u00a0\u00bbEn novembre dernier, [Michael] Wortis, qui enseignait \u00e0 l&rsquo;universit\u00e9 Simon Fraser, a rejoint un programme de partage de logement qui met en relation des \u00e9tudiants de l&rsquo;universit\u00e9 avec des adultes \u00e2g\u00e9s de 55 ans et plus qui ont une chambre \u00e0 louer \u00e0 un prix inf\u00e9rieur \u00e0 celui du march\u00e9&#8230; D\u00e9sormais, M. Wortis a, non seulement quelqu&rsquo;un avec qui partager un repas, mais aussi quelqu&rsquo;un qui lui apprend les m\u00e8mes Internet et la courtoisie sur TikTok, et quelqu&rsquo;un qui peut prendre de ses nouvelles en cas de probl\u00e8me.\u00a0\u00bb<\/p>\n<p style=\"font-size: 12px; line-height:1.4em;\"><strong>\u201cEn Colombie-Britannique, des \u00e9tudiants emm\u00e9nagent avec des personnes \u00e2g\u00e9es pour \u00e9conomiser sur le loyer et lutter contre l&rsquo;isolement des a\u00een\u00e9s\u00a0\u00bb, The Globe and Mail<\/strong><\/p>\n<p>[\/et_pb_text][\/et_pb_column][\/et_pb_row][\/et_pb_section][et_pb_section fb_built=\u00a0\u00bb1&Prime; _builder_version=\u00a0\u00bb4.24.2&Prime; _module_preset=\u00a0\u00bbdefault\u00a0\u00bb background_color=\u00a0\u00bb#FFFFFF\u00a0\u00bb custom_padding=\u00a0\u00bb0px|||||\u00a0\u00bb hover_enabled=\u00a0\u00bb0&Prime; locked=\u00a0\u00bboff\u00a0\u00bb global_colors_info=\u00a0\u00bb{}\u00a0\u00bb sticky_enabled=\u00a0\u00bb0&Prime;][et_pb_row column_structure=\u00a0\u00bb2_5,3_5&Prime; _builder_version=\u00a0\u00bb4.21.0&Prime; _module_preset=\u00a0\u00bbdefault\u00a0\u00bb custom_padding=\u00a0\u00bb60px||60px||true|\u00a0\u00bb global_colors_info=\u00a0\u00bb{}\u00a0\u00bb][et_pb_column type=\u00a0\u00bb2_5&Prime; _builder_version=\u00a0\u00bb4.21.0&Prime; _module_preset=\u00a0\u00bbdefault\u00a0\u00bb global_colors_info=\u00a0\u00bb{}\u00a0\u00bb][et_pb_text _builder_version=\u00a0\u00bb4.22.1&Prime; _module_preset=\u00a0\u00bbdefault\u00a0\u00bb text_font=\u00a0\u00bbInter||||||||\u00a0\u00bb global_colors_info=\u00a0\u00bb{}\u00a0\u00bb]<\/p>\n<h2><strong>Avantages pour les partenaires<\/strong><\/h2>\n<p><strong>Le programme Domicile partag\u00e9 r\u00e9unit les bons partenaires pour une r\u00e9ussite locale et fournit la technologie, les outils et les processus n\u00e9cessaires pour que les personnes \u00e2g\u00e9es et les \u00e9tudiants puissent adh\u00e9rer au programme Domicile partag\u00e9.<\/strong><\/p>\n<p>[\/et_pb_text][\/et_pb_column][et_pb_column type=\u00a0\u00bb3_5&Prime; _builder_version=\u00a0\u00bb4.21.0&Prime; _module_preset=\u00a0\u00bbdefault\u00a0\u00bb global_colors_info=\u00a0\u00bb{}\u00a0\u00bb][et_pb_text _builder_version=\u00a0\u00bb4.21.0&Prime; _module_preset=\u00a0\u00bbdefault\u00a0\u00bb module_alignment=\u00a0\u00bbcenter\u00a0\u00bb global_colors_info=\u00a0\u00bb{}\u00a0\u00bb]<\/p>\n<p><strong>Le programme Domicile partag\u00e9 profite aux organisations en:<\/strong><\/p>\n<ul>\n<li style=\"text-align: left;\">Apportant un soutien holistique et des solutions centr\u00e9es sur l&rsquo;individu \u00e0 la recherche d&rsquo;autonomie pour les personnes \u00e2g\u00e9es et les aider \u00e0 vieillir sur place<\/li>\n<li style=\"text-align: left;\">\u00c9tant un partenaire r\u00e9actif, engag\u00e9 dans la transparence et la communication ouverte<\/li>\n<li style=\"text-align: left;\">Partageant des histoires qui font \u00e9voluer le discours actuel sur les personnes \u00e2g\u00e9es vers un discours qui c\u00e9l\u00e8bre la contribution de la population vieillissante et valorise la vie des personnes \u00e2g\u00e9es pour le r\u00f4le essentiel qu&rsquo;elles jouent dans notre soci\u00e9t\u00e9.<\/li>\n<\/ul>\n<p>[\/et_pb_text][\/et_pb_column][\/et_pb_row][\/et_pb_section][et_pb_section fb_built=\u00a0\u00bb1&Prime; _builder_version=\u00a0\u00bb4.21.0&Prime; _module_preset=\u00a0\u00bbdefault\u00a0\u00bb background_color=\u00a0\u00bbrgba(220,215,209,0.6)\u00a0\u00bb custom_padding=\u00a0\u00bb60px||60px||true|\u00a0\u00bb locked=\u00a0\u00bboff\u00a0\u00bb global_colors_info=\u00a0\u00bb{}\u00a0\u00bb][et_pb_row _builder_version=\u00a0\u00bb4.21.0&Prime; _module_preset=\u00a0\u00bbdefault\u00a0\u00bb custom_padding=\u00a0\u00bb0px||3px|||\u00a0\u00bb global_colors_info=\u00a0\u00bb{}\u00a0\u00bb][et_pb_column type=\u00a0\u00bb4_4&Prime; _builder_version=\u00a0\u00bb4.21.0&Prime; _module_preset=\u00a0\u00bbdefault\u00a0\u00bb global_colors_info=\u00a0\u00bb{}\u00a0\u00bb][et_pb_text _builder_version=\u00a0\u00bb4.21.0&Prime; _module_preset=\u00a0\u00bbdefault\u00a0\u00bb text_orientation=\u00a0\u00bbcenter\u00a0\u00bb width=\u00a0\u00bb80%\u00a0\u00bb module_alignment=\u00a0\u00bbcenter\u00a0\u00bb custom_margin=\u00a0\u00bb||7px|||\u00a0\u00bb custom_padding=\u00a0\u00bb1px|||||\u00a0\u00bb global_colors_info=\u00a0\u00bb{}\u00a0\u00bb]<\/p>\n<h3><strong>Ce programme est offert dans tout le pays gr\u00e2ce au soutien des donateurs d&rsquo;Aide aux A\u00een\u00e9s Canada.<\/strong><\/h3>\n<p>[\/et_pb_text][\/et_pb_column][\/et_pb_row][et_pb_row _builder_version=\u00a0\u00bb4.24.2&Prime; _module_preset=\u00a0\u00bbdefault\u00a0\u00bb][et_pb_column _builder_version=\u00a0\u00bb4.24.2&Prime; _module_preset=\u00a0\u00bbdefault\u00a0\u00bb type=\u00a0\u00bb4_4&Prime;][et_pb_image src=\u00a0\u00bbhttps:\/\/helpagecanada.ca\/wp-content\/uploads\/happipad-logo-dark.svg\u00a0\u00bb _builder_version=\u00a0\u00bb4.24.2&Prime; _module_preset=\u00a0\u00bbdefault\u00a0\u00bb title_text=\u00a0\u00bbhappipad-logo-dark\u00a0\u00bb hover_enabled=\u00a0\u00bb0&Prime; sticky_enabled=\u00a0\u00bb0&Prime; align=\u00a0\u00bbcenter\u00a0\u00bb][\/et_pb_image][\/et_pb_column][\/et_pb_row][\/et_pb_section][et_pb_section fb_built=\u00a0\u00bb1&Prime; _builder_version=\u00a0\u00bb4.21.0&Prime; _module_preset=\u00a0\u00bbdefault\u00a0\u00bb background_color=\u00a0\u00bb#ED1350&Prime; custom_padding=\u00a0\u00bb65px||65px||true|\u00a0\u00bb locked=\u00a0\u00bboff\u00a0\u00bb global_colors_info=\u00a0\u00bb{}\u00a0\u00bb][et_pb_row custom_padding_last_edited=\u00a0\u00bbon|phone\u00a0\u00bb _builder_version=\u00a0\u00bb4.21.0&Prime; _module_preset=\u00a0\u00bbdefault\u00a0\u00bb width=\u00a0\u00bb55%\u00a0\u00bb width_tablet=\u00a0\u00bb55%\u00a0\u00bb width_phone=\u00a0\u00bb80%\u00a0\u00bb width_last_edited=\u00a0\u00bbon|phone\u00a0\u00bb custom_padding=\u00a0\u00bb||0px|||\u00a0\u00bb custom_padding_tablet=\u00a0\u00bb||0px|||\u00a0\u00bb custom_padding_phone=\u00a0\u00bb0px||0px||false|false\u00a0\u00bb global_colors_info=\u00a0\u00bb{}\u00a0\u00bb][et_pb_column type=\u00a0\u00bb4_4&Prime; _builder_version=\u00a0\u00bb4.21.0&Prime; _module_preset=\u00a0\u00bbdefault\u00a0\u00bb global_colors_info=\u00a0\u00bb{}\u00a0\u00bb][et_pb_text _builder_version=\u00a0\u00bb4.22.1&Prime; _module_preset=\u00a0\u00bbdefault\u00a0\u00bb text_font=\u00a0\u00bb|600|||||||\u00a0\u00bb header_2_font=\u00a0\u00bb|700|||||||\u00a0\u00bb background_layout=\u00a0\u00bbdark\u00a0\u00bb global_colors_info=\u00a0\u00bb{}\u00a0\u00bb]<\/p>\n<h2>Soutenez nos efforts<\/h2>\n<p>[\/et_pb_text][et_pb_text _builder_version=\u00a0\u00bb4.21.0&Prime; _module_preset=\u00a0\u00bbdefault\u00a0\u00bb text_font=\u00a0\u00bb|600|||||||\u00a0\u00bb header_2_font=\u00a0\u00bb|700|||||||\u00a0\u00bb background_layout=\u00a0\u00bbdark\u00a0\u00bb global_colors_info=\u00a0\u00bb{}\u00a0\u00bb]<\/p>\n<p>Nous appr\u00e9cions le soutien de nos g\u00e9n\u00e9reux donateurs qui nous aident \u00e0 cr\u00e9er un monde dans lequel toutes les personnes \u00e2g\u00e9es m\u00e8nent une vie s\u00fbre, saine, active et convenable.<\/p>\n<p>[\/et_pb_text][et_pb_button button_url=\u00a0\u00bb?form=donations\u00a0\u00bb button_text=\u00a0\u00bbDonnez\u00a0\u00bb button_alignment=\u00a0\u00bbleft\u00a0\u00bb _builder_version=\u00a0\u00bb4.22.1&Prime; _module_preset=\u00a0\u00bbdefault\u00a0\u00bb custom_button=\u00a0\u00bbon\u00a0\u00bb button_text_color=\u00a0\u00bb#ED1350&Prime; button_bg_color=\u00a0\u00bb#FFFFFF\u00a0\u00bb button_font=\u00a0\u00bb|||on|||||\u00a0\u00bb custom_padding=\u00a0\u00bb|30px||30px|false|true\u00a0\u00bb global_colors_info=\u00a0\u00bb{}\u00a0\u00bb][\/et_pb_button][\/et_pb_column][\/et_pb_row][\/et_pb_section]<\/p>\n","protected":false},"excerpt":{"rendered":"<p>Seul programme national \u00e0 but non lucratif de partage de domicile au Canada, Domicile Partag\u00e9\u2122 est une option innovante de logement interg\u00e9n\u00e9rationnel qui favorise le vieillissement sur place tout en offrant des logements s\u00fbrs et abordables. Visitez le site officiel de Domicile Partag\u00e9 (site en anglais) pour en savoir plus ou pour commencer \u00e0 partager [&hellip;]<\/p>\n","protected":false},"author":10,"featured_media":0,"parent":51871,"menu_order":0,"comment_status":"closed","ping_status":"closed","template":"","meta":{"_acf_changed":false,"_et_pb_use_builder":"on","_et_pb_old_content":"","_et_gb_content_width":"","om_disable_all_campaigns":false,"_monsterinsights_skip_tracking":false,"_monsterinsights_sitenote_active":false,"_monsterinsights_sitenote_note":"","_monsterinsights_sitenote_category":0,"_uf_show_specific_survey":0,"_uf_disable_surveys":false,"footnotes":""},"dipi_cpt_category":[],"class_list":["post-51883","page","type-page","status-publish","hentry"],"acf":[],"_links":{"self":[{"href":"https:\/\/helpagecanada.ca\/fr\/wp-json\/wp\/v2\/pages\/51883","targetHints":{"allow":["GET"]}}],"collection":[{"href":"https:\/\/helpagecanada.ca\/fr\/wp-json\/wp\/v2\/pages"}],"about":[{"href":"https:\/\/helpagecanada.ca\/fr\/wp-json\/wp\/v2\/types\/page"}],"author":[{"embeddable":true,"href":"https:\/\/helpagecanada.ca\/fr\/wp-json\/wp\/v2\/users\/10"}],"replies":[{"embeddable":true,"href":"https:\/\/helpagecanada.ca\/fr\/wp-json\/wp\/v2\/comments?post=51883"}],"version-history":[{"count":0,"href":"https:\/\/helpagecanada.ca\/fr\/wp-json\/wp\/v2\/pages\/51883\/revisions"}],"up":[{"embeddable":true,"href":"https:\/\/helpagecanada.ca\/fr\/wp-json\/wp\/v2\/pages\/51871"}],"wp:attachment":[{"href":"https:\/\/helpagecanada.ca\/fr\/wp-json\/wp\/v2\/media?parent=51883"}],"wp:term":[{"taxonomy":"dipi_cpt_category","embeddable":true,"href":"https:\/\/helpagecanada.ca\/fr\/wp-json\/wp\/v2\/dipi_cpt_category?post=51883"}],"curies":[{"name":"wp","href":"https:\/\/api.w.org\/{rel}","templated":true}]}}